{"id":30791,"date":"2022-06-22T12:06:04","date_gmt":"2022-06-22T10:06:04","guid":{"rendered":"https:\/\/bnb-orsieres.ch\/nuetzliche-links-partner\/"},"modified":"2025-12-08T12:18:03","modified_gmt":"2025-12-08T11:18:03","slug":"nuetzliche-links-partner","status":"publish","type":"page","link":"https:\/\/bnb-orsieres.ch\/de\/nuetzliche-links-partner\/","title":{"rendered":"N\u00fctzliche Links &amp; Partner"},"content":{"rendered":"<p>[et_pb_section fb_built=&#8220;1&#8243; admin_label=&#8220;Who We are&#8220; _builder_version=&#8220;4.17.4&#8243; _module_preset=&#8220;default&#8220; custom_padding=&#8220;0px||90px||false|false&#8220; global_colors_info=&#8220;{}&#8220;][et_pb_row _builder_version=&#8220;4.17.4&#8243; _module_preset=&#8220;default&#8220; custom_padding=&#8220;0px|||||&#8220; global_colors_info=&#8220;{}&#8220;][et_pb_column type=&#8220;4_4&#8243; _builder_version=&#8220;4.17.4&#8243; _module_preset=&#8220;default&#8220; global_colors_info=&#8220;{}&#8220;][et_pb_text _builder_version=&#8220;4.17.4&#8243; _module_preset=&#8220;default&#8220; text_font=&#8220;||||||||&#8220; header_font=&#8220;||||||||&#8220; text_orientation=&#8220;right&#8220; custom_padding=&#8220;||0px|||&#8220; global_colors_info=&#8220;{}&#8220;]\n<div role=\"navigation\" aria-label=\"Sprachwechsler\" class=\"wpml-ls-statics-shortcode_actions wpml-ls wpml-ls-legacy-list-horizontal\">\n\t<ul><li class=\"wpml-ls-slot-shortcode_actions wpml-ls-item wpml-ls-item-fr wpml-ls-first-item wpml-ls-item-legacy-list-horizontal\">\n\t\t\t\t<a href=\"https:\/\/bnb-orsieres.ch\/\" hreflang=\"fr\" lang=\"fr\" class=\"wpml-ls-link\" aria-label=\"Wechseln zu Fr\" title=\"Wechseln zu Fr\">\n\t\t\t\t\t                                    <img decoding=\"async\"\n            class=\"wpml-ls-flag\"\n            src=\"https:\/\/bnb-orsieres.ch\/wp-content\/plugins\/sitepress-multilingual-cms\/res\/flags\/fr.png\"\n            alt=\"\"\n            loading=\"lazy\"\n            width=18\n            height=12\n    \/><span class=\"wpml-ls-display\">Fr<\/span><\/a>\n\t\t\t<\/li><li class=\"wpml-ls-slot-shortcode_actions wpml-ls-item wpml-ls-item-en wpml-ls-last-item wpml-ls-item-legacy-list-horizontal\">\n\t\t\t\t<a href=\"https:\/\/bnb-orsieres.ch\/en\/\" hreflang=\"en\" lang=\"en\" class=\"wpml-ls-link\" aria-label=\"Wechseln zu En\" title=\"Wechseln zu En\">\n\t\t\t\t\t                                    <img decoding=\"async\"\n            class=\"wpml-ls-flag\"\n            src=\"https:\/\/bnb-orsieres.ch\/wp-content\/plugins\/sitepress-multilingual-cms\/res\/flags\/en.png\"\n            alt=\"\"\n            loading=\"lazy\"\n            width=18\n            height=12\n    \/><span class=\"wpml-ls-display\">En<\/span><\/a>\n\t\t\t<\/li><\/ul>\n<\/div>\n[\/et_pb_text][\/et_pb_column][\/et_pb_row][et_pb_row column_structure=&#8220;2_5,3_5&#8243; _builder_version=&#8220;4.17.4&#8243; _module_preset=&#8220;default&#8220; max_width=&#8220;80%&#8220; global_colors_info=&#8220;{}&#8220;][et_pb_column type=&#8220;2_5&#8243; _builder_version=&#8220;4.17.4&#8243; _module_preset=&#8220;default&#8220; global_colors_info=&#8220;{}&#8220;][et_pb_gallery gallery_ids=&#8220;30441&#8243; fullwidth=&#8220;on&#8220; disabled_on=&#8220;on|on|off&#8220; _builder_version=&#8220;4.17.4&#8243; _module_preset=&#8220;default&#8220; animation_style=&#8220;slide&#8220; auto=&#8220;on&#8220; auto_speed=&#8220;3000&#8243; global_colors_info=&#8220;{}&#8220;][\/et_pb_gallery][et_pb_button button_url=&#8220;https:\/\/bnb-orsieres.ch\/#booking&#8220; button_text=&#8220;W\u00e4hlen Sie Ihr Datum&#8220; disabled_on=&#8220;on|on|off&#8220; _builder_version=&#8220;4.17.4&#8243; _module_preset=&#8220;default&#8220; custom_button=&#8220;on&#8220; button_text_color=&#8220;#000000&#8243; button_bg_color=&#8220;#FFFFFF&#8220; button_border_color=&#8220;#000000&#8243; button_font=&#8220;brown-regular||||||||&#8220; custom_margin=&#8220;45px|||||&#8220; animation_style=&#8220;slide&#8220; animation_direction=&#8220;left&#8220; locked=&#8220;off&#8220; global_colors_info=&#8220;{}&#8220; button_text_color__hover_enabled=&#8220;on|desktop&#8220; button_text_color__hover=&#8220;#a77b51&#8243;][\/et_pb_button][\/et_pb_column][et_pb_column type=&#8220;3_5&#8243; _builder_version=&#8220;4.16&#8243; _module_preset=&#8220;default&#8220; custom_padding=&#8220;40px||||false|false&#8220; custom_padding_tablet=&#8220;0px||||false|false&#8220; custom_padding_phone=&#8220;0px||||false|false&#8220; custom_padding_last_edited=&#8220;on|tablet&#8220; global_colors_info=&#8220;{}&#8220;][et_pb_text content_tablet=&#8220;<\/p>\n<p style=%22text-align: center;%22>N\u00fctzliche Links und Partner<\/p>\n<p>&#8220; content_phone=&#8220;<\/p>\n<p style=%22text-align: center;%22>N\u00fctzliche Links  <br \/>und Partner<\/p>\n<p>&#8220; content_last_edited=&#8220;on|tablet&#8220; _builder_version=&#8220;4.17.4&#8243; _module_preset=&#8220;default&#8220; text_font=&#8220;brown-regular|||on|||||&#8220; text_font_size=&#8220;33px&#8220; text_line_height=&#8220;1.1em&#8220; header_2_font=&#8220;brown-regular||||||||&#8220; header_2_text_color=&#8220;#000000&#8243; header_2_font_size=&#8220;40px&#8220; custom_margin=&#8220;-61px||29px||false|false&#8220; custom_padding=&#8220;10px|||||&#8220; text_font_size_tablet=&#8220;36px&#8220; text_font_size_phone=&#8220;31px&#8220; text_font_size_last_edited=&#8220;on|phone&#8220; text_letter_spacing_tablet=&#8220;&#8220; text_letter_spacing_phone=&#8220;&#8220; text_letter_spacing_last_edited=&#8220;on|phone&#8220; text_line_height_tablet=&#8220;1.2em&#8220; text_line_height_phone=&#8220;1.1em&#8220; text_line_height_last_edited=&#8220;on|phone&#8220; header_2_font_size_tablet=&#8220;32px&#8220; header_2_font_size_phone=&#8220;20px&#8220; header_2_font_size_last_edited=&#8220;on|desktop&#8220; global_colors_info=&#8220;{}&#8220;]<\/p>\n<p>N\u00fctzliche Links und Partner<\/p>\n<p>[\/et_pb_text][et_pb_text _builder_version=&#8220;4.17.4&#8243; _module_preset=&#8220;default&#8220; text_font=&#8220;brown-light|100|||||||&#8220; text_text_color=&#8220;#a77b51&#8243; text_font_size=&#8220;16px&#8220; text_letter_spacing=&#8220;1px&#8220; link_text_color=&#8220;#A77B51&#8243; max_width_tablet=&#8220;100%&#8220; max_width_phone=&#8220;100%&#8220; max_width_last_edited=&#8220;on|desktop&#8220; module_alignment=&#8220;right&#8220; custom_margin=&#8220;|||-35px|false|false&#8220; custom_margin_tablet=&#8220;|||-35px|false|false&#8220; custom_margin_phone=&#8220;||||false|false&#8220; custom_margin_last_edited=&#8220;on|phone&#8220; custom_padding=&#8220;20px|||30px|false|false&#8220; custom_padding_tablet=&#8220;|||0px|false|false&#8220; custom_padding_phone=&#8220;20px|||0px|false|false&#8220; custom_padding_last_edited=&#8220;on|tablet&#8220; text_font_size_tablet=&#8220;15px&#8220; text_font_size_phone=&#8220;14px&#8220; text_font_size_last_edited=&#8220;on|phone&#8220; header_font_size_tablet=&#8220;55px&#8220; header_font_size_last_edited=&#8220;off|desktop&#8220; module_alignment_tablet=&#8220;left&#8220; module_alignment_phone=&#8220;left&#8220; module_alignment_last_edited=&#8220;on|tablet&#8220; border_style_all=&#8220;none&#8220; border_width_top=&#8220;1px&#8220; border_color_top=&#8220;#A77B51&#8243; global_colors_info=&#8220;{}&#8220;]<\/p>\n<p><span style=\"color: #000000;\"><strong><a href=\"https:\/\/saint-bernard.ch\/en\/\" target=\"_blank\" rel=\"noopener\" title=\"Land des St. Bernhard\" style=\"color: #000000;\">Land des St. Bernhard<\/a><\/strong><\/span><\/p>\n<p><span style=\"color: #000000;\"><strong><a href=\"https:\/\/www.pass-saint-bernard.ch\" target=\"_blank\" rel=\"noopener\" title=\"PASS Saint-Bernard\" style=\"color: #000000;\">PASS Saint-Bernard<\/a><\/strong><\/span><\/p>\n<p><span style=\"color: #000000;\"><strong><a href=\"https:\/\/www.viefrancigene.org\/fr\/\" target=\"_blank\" rel=\"noopener\" title=\"Via Francigena\" style=\"color: #000000;\">Via Francigena<\/a><\/strong><\/span><\/p>\n<p><span style=\"color: #000000;\"><strong><a href=\"https:\/\/esschampex-lac.ch\/fr\/\" target=\"_blank\" rel=\"noopener\" title=\"ESS Champex-Lac\" style=\"color: #000000;\">ESS Champex-Lac<\/a><\/strong><\/span><\/p>\n<p><span style=\"color: #000000;\"><strong><a href=\"https:\/\/www.flore-alpe.ch\/en\/\" target=\"_blank\" rel=\"noopener\" title=\"Flora Alpe\" style=\"color: #000000;\">Flora Alpe<\/a><\/strong><\/span><\/p>\n<p><span style=\"color: #000000;\"><strong><a href=\"http:\/\/www.letunnel.com\/homepage.asp?l=2\" target=\"_blank\" rel=\"noopener\" title=\"Gro\u00dfer Sankt Bernhard - Der Tunnel\" style=\"color: #000000;\">Gro\u00dfer Sankt Bernhard &#8211; Der Tunnel<\/a><\/strong><\/span><\/p>\n<p><span style=\"color: #000000;\"><strong><a href=\"https:\/\/orsieres.ch\/\" target=\"_blank\" rel=\"noopener\" title=\"Gemeinde Orsi\u00e8res\" style=\"color: #000000;\">Gemeinde Orsi\u00e8res<\/a><\/strong><\/span><\/p>\n<p><span style=\"color: #000000;\"><strong><a href=\"https:\/\/btb.swiss\/shop\/\" target=\"_blank\" rel=\"noopener\" title=\"Metzgerei-Traiteur-Getr\u00e4nke in Orsi\u00e8res und Verbier\" style=\"color: #000000;\">Metzgerei-Traiteur-Getr\u00e4nke in Orsi\u00e8res und Verbier<\/a><\/strong><\/span><\/p>\n<p><a href=\"https:\/\/alpura-lodges.ch\/de\/\"><strong>Alpura Lodges<\/strong><\/a><span style=\"color: #000000;\"><strong><\/strong><\/span><\/p>\n<p><span style=\"color: #000000;\"><strong><a href=\"https:\/\/www.valais.ch\/\" target=\"_blank\" rel=\"noopener\" title=\"Wallis\" style=\"color: #000000;\">Wallis<\/a><\/strong><\/span><\/p>\n<p>[\/et_pb_text][et_pb_gallery gallery_ids=&#8220;30441&#8243; fullwidth=&#8220;on&#8220; disabled_on=&#8220;off|off|on&#8220; _builder_version=&#8220;4.17.4&#8243; _module_preset=&#8220;default&#8220; animation_style=&#8220;slide&#8220; auto=&#8220;on&#8220; auto_speed=&#8220;3000&#8243; locked=&#8220;off&#8220; global_colors_info=&#8220;{}&#8220;][\/et_pb_gallery][et_pb_button button_url=&#8220;https:\/\/bnb-orsieres.ch\/#booking&#8220; button_text=&#8220;W\u00e4hlen Sie Ihr Datum&#8220; button_alignment=&#8220;center&#8220; disabled_on=&#8220;off|off|on&#8220; _builder_version=&#8220;4.17.4&#8243; _module_preset=&#8220;default&#8220; custom_button=&#8220;on&#8220; button_text_color=&#8220;#000000&#8243; button_bg_color=&#8220;#FFFFFF&#8220; button_border_color=&#8220;#000000&#8243; button_font=&#8220;brown-regular||||||||&#8220; custom_margin=&#8220;45px|||||&#8220; animation_style=&#8220;slide&#8220; animation_direction=&#8220;left&#8220; locked=&#8220;off&#8220; global_colors_info=&#8220;{}&#8220; button_text_color__hover_enabled=&#8220;on|desktop&#8220; button_text_color__hover=&#8220;#a77b51&#8243;][\/et_pb_button][\/et_pb_column][\/et_pb_row][\/et_pb_section]<\/p>\n","protected":false},"excerpt":{"rendered":"<p>\n<div role=\"navigation\" aria-label=\"Sprachwechsler\" class=\"wpml-ls-statics-shortcode_actions wpml-ls wpml-ls-legacy-list-horizontal\">\n\t<ul><li class=\"wpml-ls-slot-shortcode_actions wpml-ls-item wpml-ls-item-fr wpml-ls-first-item wpml-ls-item-legacy-list-horizontal\">\n\t\t\t\t<a href=\"https:\/\/bnb-orsieres.ch\/\" hreflang=\"fr\" lang=\"fr\" class=\"wpml-ls-link\" aria-label=\"Wechseln zu Fr\" title=\"Wechseln zu Fr\">\n\t\t\t\t\t                                    <img decoding=\"async\"\n            class=\"wpml-ls-flag\"\n            src=\"https:\/\/bnb-orsieres.ch\/wp-content\/plugins\/sitepress-multilingual-cms\/res\/flags\/fr.png\"\n            alt=\"\"\n            loading=\"lazy\"\n            width=18\n            height=12\n    \/><span class=\"wpml-ls-display\">Fr<\/span><\/a>\n\t\t\t<\/li><li class=\"wpml-ls-slot-shortcode_actions wpml-ls-item wpml-ls-item-en wpml-ls-last-item wpml-ls-item-legacy-list-horizontal\">\n\t\t\t\t<a href=\"https:\/\/bnb-orsieres.ch\/en\/\" hreflang=\"en\" lang=\"en\" class=\"wpml-ls-link\" aria-label=\"Wechseln zu En\" title=\"Wechseln zu En\">\n\t\t\t\t\t                                    <img decoding=\"async\"\n            class=\"wpml-ls-flag\"\n            src=\"https:\/\/bnb-orsieres.ch\/wp-content\/plugins\/sitepress-multilingual-cms\/res\/flags\/en.png\"\n            alt=\"\"\n            loading=\"lazy\"\n            width=18\n            height=12\n    \/><span class=\"wpml-ls-display\">En<\/span><\/a>\n\t\t\t<\/li><\/ul>\n<\/div>\nN\u00fctzliche Links und PartnerLand des St. Bernhard PASS Saint-Bernard Via Francigena ESS Champex-Lac Flora Alpe Gro\u00dfer Sankt Bernhard &#8211; Der Tunnel Gemeinde Orsi\u00e8res Metzgerei-Traiteur-Getr\u00e4nke in Orsi\u00e8res und Verbier Alpura Lodges Wallis<\/p>\n","protected":false},"author":1,"featured_media":0,"parent":0,"menu_order":0,"comment_status":"closed","ping_status":"closed","template":"","meta":{"_et_pb_use_builder":"on","_et_pb_old_content":"","_et_gb_content_width":"","footnotes":""},"class_list":["post-30791","page","type-page","status-publish","hentry"],"_links":{"self":[{"href":"https:\/\/bnb-orsieres.ch\/de\/wp-json\/wp\/v2\/pages\/30791","targetHints":{"allow":["GET"]}}],"collection":[{"href":"https:\/\/bnb-orsieres.ch\/de\/wp-json\/wp\/v2\/pages"}],"about":[{"href":"https:\/\/bnb-orsieres.ch\/de\/wp-json\/wp\/v2\/types\/page"}],"author":[{"embeddable":true,"href":"https:\/\/bnb-orsieres.ch\/de\/wp-json\/wp\/v2\/users\/1"}],"replies":[{"embeddable":true,"href":"https:\/\/bnb-orsieres.ch\/de\/wp-json\/wp\/v2\/comments?post=30791"}],"version-history":[{"count":9,"href":"https:\/\/bnb-orsieres.ch\/de\/wp-json\/wp\/v2\/pages\/30791\/revisions"}],"predecessor-version":[{"id":31244,"href":"https:\/\/bnb-orsieres.ch\/de\/wp-json\/wp\/v2\/pages\/30791\/revisions\/31244"}],"wp:attachment":[{"href":"https:\/\/bnb-orsieres.ch\/de\/wp-json\/wp\/v2\/media?parent=30791"}],"curies":[{"name":"wp","href":"https:\/\/api.w.org\/{rel}","templated":true}]}}